{"id":19839,"date":"2025-04-10T07:25:35","date_gmt":"2025-04-10T07:25:35","guid":{"rendered":"https:\/\/food4skin.uf-hosting.de\/?post_type=product&#038;p=19839"},"modified":"2025-04-23T13:02:33","modified_gmt":"2025-04-23T13:02:33","slug":"ph-neutrales-duschgel-3-er-pack-3x50-ml","status":"publish","type":"product","link":"https:\/\/food4skin.uf-hosting.de\/hu\/produkt\/ph-neutrales-duschgel-3-er-pack-3x50-ml\/","title":{"rendered":"pH-neutrales Duschgel 3-er Pack"},"content":{"rendered":"<p>Das food4skin\u00ae 3er Pack pH-neutrales Duschgel bietet eine besonders sanfte und dennoch effektive Pflege f\u00fcr empfindliche Haut \u2013 perfekt f\u00fcr die t\u00e4gliche Anwendung. Mit seiner ausgewogenen Formel sorgt es f\u00fcr eine schonende Reinigung, ohne die Haut auszutrocknen oder zu reizen. Der Anti-Aging-Effekt unterst\u00fctzt die Haut bei der Regeneration und erh\u00e4lt ihre Elastizit\u00e4t, sodass sie sich den ganzen Tag \u00fcber frisch und gepflegt anf\u00fchlt. Der Dreierpack ist perfekt f\u00fcr alle, die auf langanhaltende, pH-neutrale Pflege setzen, die die Haut intensiv sch\u00fctzt und gleichzeitig ihre nat\u00fcrliche Balance bewahrt. Ideal f\u00fcr die ganze Familie oder als praktisches Set f\u00fcr Zuhause und unterwegs.<\/p>\n<p>&nbsp;<\/p>\n<p>Erleben Sie eine au\u00dfergew\u00f6hnliche Pflege, die die nat\u00fcrlichen Bed\u00fcrfnisse Ihrer Haut respektiert:<\/p>\n<ul>\n<li>Bio-Argan\u00f6l, das fl\u00fcssige Gold der Natur, spendet tiefenwirksame Feuchtigkeit, beruhigt irritierte Haut und st\u00e4rkt die Elastizit\u00e4t. Seine antioxidative Wirkung sch\u00fctzt vor Umwelteinfl\u00fcssen und unterst\u00fctzt die nat\u00fcrliche Regeneration.<\/li>\n<li>Natives Bio-Kameliensamen\u00f6l, ein traditionelles japanisches Beauty-Geheimnis, wirkt besonders effektiv bei sehr trockener und sensibler Haut. Es gl\u00e4ttet, n\u00e4hrt intensiv und f\u00f6rdert die Hauterneuerung.<\/li>\n<li>Tocopherolacetat (Vitamin E) als starkes Antioxidans sch\u00fctzt vor freien Radikalen, verlangsamt die Hautalterung und sorgt f\u00fcr eine jugendliche Ausstrahlung.<\/li>\n<li>Vegane Milchs\u00e4ure, sanft und st\u00e4rkend, unterst\u00fctzt den S\u00e4ureschutzmantel der Haut und f\u00f6rdert ein ausgeglichenes, gesundes Hautbild.<\/li>\n<li>Hydrolysiertes Weizenprotein, ein perfekter Feuchtigkeitsspender, glutenfrei und unbedenklich, \u00e4hnelt nat\u00fcrlichen Hautbausteinen. Es gl\u00e4ttet, spendet Feuchtigkeit und hinterl\u00e4sst die Haut weich und geschmeidig.<\/li>\n<\/ul>\n<p>Dieses luxuri\u00f6se Duschgel vereint Natur und Wissenschaft zu einer harmonischen Pflegeerfahrung, die Ihre Haut mit jedem Tropfen umsorgt.<\/p>\n","protected":false},"excerpt":{"rendered":"<p>Das food4skin\u00ae 3er Pack pH-neutrales Duschgel bietet eine besonders sanfte und dennoch effektive Pflege f\u00fcr empfindliche Haut \u2013 perfekt f\u00fcr die t\u00e4gliche Anwendung. Mit seiner ausgewogenen Formel sorgt es f\u00fcr eine schonende Reinigung, ohne die Haut auszutrocknen oder zu reizen. Der Anti-Aging-Effekt unterst\u00fctzt die Haut bei der Regeneration und erh\u00e4lt ihre Elastizit\u00e4t, sodass sie sich den ganzen Tag \u00fcber frisch und gepflegt anf\u00fchlt. Der Dreierpack ist perfekt f\u00fcr alle, die auf langanhaltende, pH-neutrale Pflege setzen, die die Haut intensiv sch\u00fctzt und gleichzeitig ihre nat\u00fcrliche Balance bewahrt. Ideal f\u00fcr die ganze Familie oder als praktisches Set f\u00fcr Zuhause und unterwegs.<\/p>\n","protected":false},"featured_media":19889,"comment_status":"open","ping_status":"closed","template":"","meta":[],"product_brand":[],"product_cat":[152,150],"product_tag":[],"class_list":{"0":"post-19839","1":"product","2":"type-product","3":"status-publish","4":"has-post-thumbnail","6":"product_cat-angebote","7":"product_cat-duschgel","10":"first","11":"instock","12":"sale","13":"taxable","14":"shipping-taxable","15":"purchasable","16":"product-type-variable"},"_links":{"self":[{"href":"https:\/\/food4skin.uf-hosting.de\/hu\/wp-json\/wp\/v2\/product\/19839","targetHints":{"allow":["GET"]}}],"collection":[{"href":"https:\/\/food4skin.uf-hosting.de\/hu\/wp-json\/wp\/v2\/product"}],"about":[{"href":"https:\/\/food4skin.uf-hosting.de\/hu\/wp-json\/wp\/v2\/types\/product"}],"replies":[{"embeddable":true,"href":"https:\/\/food4skin.uf-hosting.de\/hu\/wp-json\/wp\/v2\/comments?post=19839"}],"wp:featuredmedia":[{"embeddable":true,"href":"https:\/\/food4skin.uf-hosting.de\/hu\/wp-json\/wp\/v2\/media\/19889"}],"wp:attachment":[{"href":"https:\/\/food4skin.uf-hosting.de\/hu\/wp-json\/wp\/v2\/media?parent=19839"}],"wp:term":[{"taxonomy":"product_brand","embeddable":true,"href":"https:\/\/food4skin.uf-hosting.de\/hu\/wp-json\/wp\/v2\/product_brand?post=19839"},{"taxonomy":"product_cat","embeddable":true,"href":"https:\/\/food4skin.uf-hosting.de\/hu\/wp-json\/wp\/v2\/product_cat?post=19839"},{"taxonomy":"product_tag","embeddable":true,"href":"https:\/\/food4skin.uf-hosting.de\/hu\/wp-json\/wp\/v2\/product_tag?post=19839"}],"curies":[{"name":"wp","href":"https:\/\/api.w.org\/{rel}","templated":true}]}}