{"id":19834,"date":"2025-04-10T07:20:33","date_gmt":"2025-04-10T07:20:33","guid":{"rendered":"https:\/\/food4skin.uf-hosting.de\/?post_type=product&#038;p=19834"},"modified":"2025-04-10T13:09:57","modified_gmt":"2025-04-10T13:09:57","slug":"ph-neutrales-duschgel-sanfte-pflege-mit-anti-aging-effekt","status":"publish","type":"product","link":"https:\/\/food4skin.uf-hosting.de\/hu\/produkt\/ph-neutrales-duschgel-sanfte-pflege-mit-anti-aging-effekt\/","title":{"rendered":"pH-neutrales Duschgel \u2013 sanfte Pflege mit Anti-Aging-Effekt"},"content":{"rendered":"<p>Das food4skin\u00ae Duschgel ist ein Versprechen f\u00fcr Ihre Haut. Mit wertvollen, nat\u00fcrlichen Inhaltsstoffen ohne Allergene und frei von Duftstoffen wurde es speziell f\u00fcr die Bed\u00fcrfnisse empfindlicher und zu Allergien neigender Haut entwickelt. Gleichzeitig bietet es einen Anti-Aging-Effekt und optimalen Hautschutz \u2013 ideal f\u00fcr alle, die h\u00f6chste Anspr\u00fcche an Pflege und Vertr\u00e4glichkeit stellen.<\/p>\n<p>&nbsp;<\/p>\n<p>Erleben Sie eine au\u00dfergew\u00f6hnliche Pflege, die die nat\u00fcrlichen Bed\u00fcrfnisse Ihrer Haut respektiert:<\/p>\n<ul>\n<li>Bio-Argan\u00f6l, das fl\u00fcssige Gold der Natur, spendet tiefenwirksame Feuchtigkeit, beruhigt irritierte Haut und st\u00e4rkt die Elastizit\u00e4t. Seine antioxidative Wirkung sch\u00fctzt vor Umwelteinfl\u00fcssen und unterst\u00fctzt die nat\u00fcrliche Regeneration.<\/li>\n<li>Natives Bio-Kameliensamen\u00f6l, ein traditionelles japanisches Beauty-Geheimnis, wirkt besonders effektiv bei sehr trockener und sensibler Haut. Es gl\u00e4ttet, n\u00e4hrt intensiv und f\u00f6rdert die Hauterneuerung.<\/li>\n<li>Tocopherolacetat (Vitamin E) als starkes Antioxidans sch\u00fctzt vor freien Radikalen, verlangsamt die Hautalterung und sorgt f\u00fcr eine jugendliche Ausstrahlung.<\/li>\n<li>Vegane Milchs\u00e4ure, sanft und st\u00e4rkend, unterst\u00fctzt den S\u00e4ureschutzmantel der Haut und f\u00f6rdert ein ausgeglichenes, gesundes Hautbild.<\/li>\n<li>Hydrolysiertes Weizenprotein, ein perfekter Feuchtigkeitsspender, glutenfrei und unbedenklich, \u00e4hnelt nat\u00fcrlichen Hautbausteinen. Es gl\u00e4ttet, spendet Feuchtigkeit und hinterl\u00e4sst die Haut weich und geschmeidig.<\/li>\n<\/ul>\n<p>Dieses luxuri\u00f6se Duschgel vereint Natur und Wissenschaft zu einer harmonischen Pflegeerfahrung, die Ihre Haut mit jedem Tropfen umsorgt.<\/p>\n","protected":false},"excerpt":{"rendered":"<p>Das food4skin\u00ae Duschgel ist ein Versprechen f\u00fcr Ihre Haut. Mit wertvollen, nat\u00fcrlichen Inhaltsstoffen ohne Allergene und frei von Duftstoffen wurde es speziell f\u00fcr die Bed\u00fcrfnisse empfindlicher und zu Allergien neigender Haut entwickelt. Gleichzeitig bietet es einen Anti-Aging-Effekt und optimalen Hautschutz \u2013 ideal f\u00fcr alle, die h\u00f6chste Anspr\u00fcche an Pflege und Vertr\u00e4glichkeit stellen.<\/p>\n<p>&nbsp;<\/p>\n","protected":false},"featured_media":19895,"comment_status":"open","ping_status":"closed","template":"","meta":[],"product_brand":[],"product_cat":[150],"product_tag":[],"class_list":{"0":"post-19834","1":"product","2":"type-product","3":"status-publish","4":"has-post-thumbnail","6":"product_cat-duschgel","9":"first","10":"outofstock","11":"taxable","12":"shipping-taxable","13":"purchasable","14":"product-type-simple"},"_links":{"self":[{"href":"https:\/\/food4skin.uf-hosting.de\/hu\/wp-json\/wp\/v2\/product\/19834","targetHints":{"allow":["GET"]}}],"collection":[{"href":"https:\/\/food4skin.uf-hosting.de\/hu\/wp-json\/wp\/v2\/product"}],"about":[{"href":"https:\/\/food4skin.uf-hosting.de\/hu\/wp-json\/wp\/v2\/types\/product"}],"replies":[{"embeddable":true,"href":"https:\/\/food4skin.uf-hosting.de\/hu\/wp-json\/wp\/v2\/comments?post=19834"}],"wp:featuredmedia":[{"embeddable":true,"href":"https:\/\/food4skin.uf-hosting.de\/hu\/wp-json\/wp\/v2\/media\/19895"}],"wp:attachment":[{"href":"https:\/\/food4skin.uf-hosting.de\/hu\/wp-json\/wp\/v2\/media?parent=19834"}],"wp:term":[{"taxonomy":"product_brand","embeddable":true,"href":"https:\/\/food4skin.uf-hosting.de\/hu\/wp-json\/wp\/v2\/product_brand?post=19834"},{"taxonomy":"product_cat","embeddable":true,"href":"https:\/\/food4skin.uf-hosting.de\/hu\/wp-json\/wp\/v2\/product_cat?post=19834"},{"taxonomy":"product_tag","embeddable":true,"href":"https:\/\/food4skin.uf-hosting.de\/hu\/wp-json\/wp\/v2\/product_tag?post=19834"}],"curies":[{"name":"wp","href":"https:\/\/api.w.org\/{rel}","templated":true}]}}