{"id":19817,"date":"2025-04-10T07:12:51","date_gmt":"2025-04-10T07:12:51","guid":{"rendered":"https:\/\/food4skin.uf-hosting.de\/?post_type=product&#038;p=19817"},"modified":"2025-04-17T06:30:45","modified_gmt":"2025-04-17T06:30:45","slug":"duschschaum-blutorange-3-er-pack-3x200-ml","status":"publish","type":"product","link":"https:\/\/food4skin.uf-hosting.de\/hu\/produkt\/duschschaum-blutorange-3-er-pack-3x200-ml\/","title":{"rendered":"Duschschaum Blutorange 3-er Pack"},"content":{"rendered":"<p>Das food4skin\u00ae Duschschaumset Blutorange im praktischen Dreierpack bietet ein luxuri\u00f6ses Duscherlebnis, das Ihre Haut verw\u00f6hnt und Ihre Sinne belebt. Mit dem frischen, fruchtigen Duft der sonnengereiften sizilianischen Blutorange verwandelt sich jede Dusche in ein wahres Fest f\u00fcr die Sinne. Die Kombination aus pflegenden Inhaltsstoffen sorgt f\u00fcr eine intensive Feuchtigkeitsversorgung und hinterl\u00e4sst Ihre Haut samtig weich und strahlend. Der Dreierpack ist ideal f\u00fcr alle, die sich t\u00e4glich mit luxuri\u00f6ser Pflege verw\u00f6hnen wollen, oder auch perfekt als Geschenk f\u00fcr Ihre Liebsten. Erleben Sie den erfrischenden Luxus der Blutorange \u2013 f\u00fcr einen Tag voller Frische, Energie und gepflegter Haut.<\/p>\n<p>&nbsp;<\/p>\n<p>Erleben Sie die perfekte Kombination aus nat\u00fcrlicher Pflege und sinnlichem Vergn\u00fcgen: Der Duschschaum Blutorange wurde speziell f\u00fcr anspruchsvolle Haut entwickelt, um sie sanft zu reinigen, intensiv zu n\u00e4hren und zu sch\u00fctzen. Mit seiner antioxidativen Wirkung und erlesenen Inhaltsstoffen ist er eine ideale Wahl f\u00fcr alle, die sich ein zartes, ausgeglichenes Hautgef\u00fchl und ein luxuri\u00f6ses Duscherlebnis w\u00fcnschen.<\/p>\n<p>&nbsp;<\/p>\n<p>Dieser exquisite Duschschaum verw\u00f6hnt Ihre Haut mit sorgf\u00e4ltig ausgew\u00e4hlten nat\u00fcrlichen Inhaltsstoffen:<\/p>\n<ul>\n<li>Hydrolysiertes Weizenprotein gl\u00e4ttet die Hautoberfl\u00e4che, macht sie weich und geschmeidig und hilft, Feuchtigkeit langanhaltend zu bewahren.<\/li>\n<li>S\u00fc\u00dfmandel\u00f6l n\u00e4hrt die Haut tiefenwirksam, sch\u00fctzt sie vor \u00e4u\u00dferen Einfl\u00fcssen und bewahrt das nat\u00fcrliche Hautgleichgewicht \u2013 ideal f\u00fcr empfindliche Haut.<\/li>\n<li>Tocopherolacetat (Vitamin E) wirkt antioxidativ und sch\u00fctzt vor freien Radikalen, wodurch es die nat\u00fcrlichen Alterungsprozesse der Haut verlangsamt.<\/li>\n<li>Vegane Milchs\u00e4ure unterst\u00fctzt den S\u00e4ureschutzmantel der Haut und sorgt f\u00fcr ein gesundes, ausgeglichenes Hautbild.<\/li>\n<li>\u00c4therisches Bio-S\u00fc\u00dforangen\u00f6l aus sonnengereiften sizilianischen Orangen wirkt beruhigend und sorgt f\u00fcr ein erfrischendes Gef\u00fchl, das die Sinne belebt.<\/li>\n<li>Bio-Zitronen\u00f6l reinigt die Haut sanft, entfernt abgestorbene Hautzellen, strafft und hinterl\u00e4sst ein herrlich glattes Hautgef\u00fchl.<\/li>\n<\/ul>\n<p>Diese luxuri\u00f6se Kombination aus Pflege und Schutz sorgt f\u00fcr eine Haut, die sich nicht nur sauber, sondern auch samtig weich und optimal versorgt anf\u00fchlt.<\/p>\n","protected":false},"excerpt":{"rendered":"<p>Das food4skin\u00ae Duschschaumset Blutorange im praktischen Dreierpack bietet ein luxuri\u00f6ses Duscherlebnis, das Ihre Haut verw\u00f6hnt und Ihre Sinne belebt. Mit dem frischen, fruchtigen Duft der sonnengereiften sizilianischen Blutorange verwandelt sich jede Dusche in ein wahres Fest f\u00fcr die Sinne. Die Kombination aus pflegenden Inhaltsstoffen sorgt f\u00fcr eine intensive Feuchtigkeitsversorgung und hinterl\u00e4sst Ihre Haut samtig weich und strahlend. Der Dreierpack ist ideal f\u00fcr alle, die sich t\u00e4glich mit luxuri\u00f6ser Pflege verw\u00f6hnen wollen, oder auch perfekt als Geschenk f\u00fcr Ihre Liebsten. Erleben Sie den erfrischenden Luxus der Blutorange \u2013 f\u00fcr einen Tag voller Frische, Energie und gepflegter Haut.<\/p>\n","protected":false},"featured_media":19904,"comment_status":"open","ping_status":"closed","template":"","meta":[],"product_brand":[],"product_cat":[152,151],"product_tag":[],"class_list":{"0":"post-19817","1":"product","2":"type-product","3":"status-publish","4":"has-post-thumbnail","6":"product_cat-angebote","7":"product_cat-duschschaum","10":"first","11":"instock","12":"sale","13":"taxable","14":"shipping-taxable","15":"purchasable","16":"product-type-simple"},"_links":{"self":[{"href":"https:\/\/food4skin.uf-hosting.de\/hu\/wp-json\/wp\/v2\/product\/19817","targetHints":{"allow":["GET"]}}],"collection":[{"href":"https:\/\/food4skin.uf-hosting.de\/hu\/wp-json\/wp\/v2\/product"}],"about":[{"href":"https:\/\/food4skin.uf-hosting.de\/hu\/wp-json\/wp\/v2\/types\/product"}],"replies":[{"embeddable":true,"href":"https:\/\/food4skin.uf-hosting.de\/hu\/wp-json\/wp\/v2\/comments?post=19817"}],"wp:featuredmedia":[{"embeddable":true,"href":"https:\/\/food4skin.uf-hosting.de\/hu\/wp-json\/wp\/v2\/media\/19904"}],"wp:attachment":[{"href":"https:\/\/food4skin.uf-hosting.de\/hu\/wp-json\/wp\/v2\/media?parent=19817"}],"wp:term":[{"taxonomy":"product_brand","embeddable":true,"href":"https:\/\/food4skin.uf-hosting.de\/hu\/wp-json\/wp\/v2\/product_brand?post=19817"},{"taxonomy":"product_cat","embeddable":true,"href":"https:\/\/food4skin.uf-hosting.de\/hu\/wp-json\/wp\/v2\/product_cat?post=19817"},{"taxonomy":"product_tag","embeddable":true,"href":"https:\/\/food4skin.uf-hosting.de\/hu\/wp-json\/wp\/v2\/product_tag?post=19817"}],"curies":[{"name":"wp","href":"https:\/\/api.w.org\/{rel}","templated":true}]}}