{"id":19813,"date":"2025-04-10T07:11:06","date_gmt":"2025-04-10T07:11:06","guid":{"rendered":"https:\/\/food4skin.uf-hosting.de\/?post_type=product&#038;p=19813"},"modified":"2025-04-17T06:31:12","modified_gmt":"2025-04-17T06:31:12","slug":"duschschaum-minze-3-er-pack-3x200-ml","status":"publish","type":"product","link":"https:\/\/food4skin.uf-hosting.de\/hu\/produkt\/duschschaum-minze-3-er-pack-3x200-ml\/","title":{"rendered":"Duschschaum Minze 3-er Pack"},"content":{"rendered":"<p>Das food4skin\u00ae Duschschaumset Minze im praktischen Dreierpack bringt Vitalit\u00e4t und Frische in Ihren Alltag. Ideal f\u00fcr alle, die ihre Haut mit einer belebenden, nat\u00fcrlichen Pflege verw\u00f6hnen m\u00f6chten, sorgt dieser Duschschaum f\u00fcr eine erfrischende Reinigung und revitalisiert Ihre Sinne. Die erfrischende Minze belebt nicht nur die Haut, sondern auch den Geist \u2013 perfekt f\u00fcr einen energiegeladenen Start in den Tag oder eine belebende Auszeit nach dem Sport. Der Dreierpack bietet Ihnen langanhaltende Frische und Pflege, die Ihre Haut den ganzen Tag \u00fcber erfrischt und hydratisiert h\u00e4lt. Ideal f\u00fcr jeden Hauttyp und f\u00fcr alle, die sich nach einem erfrischenden, vitalisierenden Duscherlebnis sehnen.<\/p>\n<p>&nbsp;<\/p>\n<p>Dieser belebende Duschschaum kombiniert hochwertige Inhaltsstoffe, die Ihre Haut verw\u00f6hnen und st\u00e4rken:<\/p>\n<ul>\n<li>Hydrolysiertes Weizenprotein gl\u00e4ttet die Haut, macht sie geschmeidig und hilft, Feuchtigkeit langanhaltend zu bewahren \u2013 f\u00fcr ein gepflegtes Hautgef\u00fchl, das den ganzen Tag anh\u00e4lt.<\/li>\n<li>S\u00fc\u00dfmandel\u00f6l n\u00e4hrt die Haut tiefenwirksam, sch\u00fctzt sie vor Umwelteinfl\u00fcssen und bewahrt ihr nat\u00fcrliches Gleichgewicht \u2013 ideal f\u00fcr empfindliche Haut.<\/li>\n<li>Tocopherolacetat (Vitamin E) wirkt antioxidativ, sch\u00fctzt vor freien Radikalen und verlangsamt die nat\u00fcrlichen Alterungsprozesse. Es sorgt f\u00fcr eine gesunde, strahlende Haut voller Vitalit\u00e4t.<\/li>\n<li>Vegane Milchs\u00e4ure unterst\u00fctzt den S\u00e4ureschutzmantel und sorgt f\u00fcr ein ausgeglichenes Hautbild.<\/li>\n<li>Rosmarinextrakt belebt die Haut durch seine durchblutungsf\u00f6rdernde Wirkung und unterst\u00fctzt ihre nat\u00fcrliche Regeneration.<\/li>\n<li>Bio-Zirbelkiefer\u00f6l st\u00e4rkt die Hautzellen und sorgt f\u00fcr tiefenwirksame Pflege.<\/li>\n<li>\u00c4therisches Bio-Pfefferminz\u00f6l, reich an Menthol, bietet einen erfrischenden K\u00fchleffekt und belebt K\u00f6rper und Geist \u2013 der perfekte Frischekick, den Sie sich w\u00fcnschen.<\/li>\n<\/ul>\n<p>Jeder Inhaltsstoff wurde mit Bedacht ausgew\u00e4hlt, um nicht nur die Haut zu reinigen, sondern sie auch tiefenwirksam zu pflegen und zu revitalisieren.<\/p>\n","protected":false},"excerpt":{"rendered":"<p>Das food4skin\u00ae Duschschaumset Minze im praktischen Dreierpack bringt Vitalit\u00e4t und Frische in Ihren Alltag. Ideal f\u00fcr alle, die ihre Haut mit einer belebenden, nat\u00fcrlichen Pflege verw\u00f6hnen m\u00f6chten, sorgt dieser Duschschaum f\u00fcr eine erfrischende Reinigung und revitalisiert Ihre Sinne. Die erfrischende Minze belebt nicht nur die Haut, sondern auch den Geist \u2013 perfekt f\u00fcr einen energiegeladenen Start in den Tag oder eine belebende Auszeit nach dem Sport. Der Dreierpack bietet Ihnen langanhaltende Frische und Pflege, die Ihre Haut den ganzen Tag \u00fcber erfrischt und hydratisiert h\u00e4lt. Ideal f\u00fcr jeden Hauttyp und f\u00fcr alle, die sich nach einem erfrischenden, vitalisierenden Duscherlebnis sehnen.<\/p>\n<p>&nbsp;<\/p>\n","protected":false},"featured_media":19907,"comment_status":"open","ping_status":"closed","template":"","meta":[],"product_brand":[],"product_cat":[152,151],"product_tag":[],"class_list":{"0":"post-19813","1":"product","2":"type-product","3":"status-publish","4":"has-post-thumbnail","6":"product_cat-angebote","7":"product_cat-duschschaum","10":"first","11":"instock","12":"sale","13":"taxable","14":"shipping-taxable","15":"purchasable","16":"product-type-simple"},"_links":{"self":[{"href":"https:\/\/food4skin.uf-hosting.de\/hu\/wp-json\/wp\/v2\/product\/19813","targetHints":{"allow":["GET"]}}],"collection":[{"href":"https:\/\/food4skin.uf-hosting.de\/hu\/wp-json\/wp\/v2\/product"}],"about":[{"href":"https:\/\/food4skin.uf-hosting.de\/hu\/wp-json\/wp\/v2\/types\/product"}],"replies":[{"embeddable":true,"href":"https:\/\/food4skin.uf-hosting.de\/hu\/wp-json\/wp\/v2\/comments?post=19813"}],"wp:featuredmedia":[{"embeddable":true,"href":"https:\/\/food4skin.uf-hosting.de\/hu\/wp-json\/wp\/v2\/media\/19907"}],"wp:attachment":[{"href":"https:\/\/food4skin.uf-hosting.de\/hu\/wp-json\/wp\/v2\/media?parent=19813"}],"wp:term":[{"taxonomy":"product_brand","embeddable":true,"href":"https:\/\/food4skin.uf-hosting.de\/hu\/wp-json\/wp\/v2\/product_brand?post=19813"},{"taxonomy":"product_cat","embeddable":true,"href":"https:\/\/food4skin.uf-hosting.de\/hu\/wp-json\/wp\/v2\/product_cat?post=19813"},{"taxonomy":"product_tag","embeddable":true,"href":"https:\/\/food4skin.uf-hosting.de\/hu\/wp-json\/wp\/v2\/product_tag?post=19813"}],"curies":[{"name":"wp","href":"https:\/\/api.w.org\/{rel}","templated":true}]}}