{"id":19191,"date":"2025-04-09T12:50:47","date_gmt":"2025-04-09T12:50:47","guid":{"rendered":"https:\/\/food4skin.uf-hosting.de\/?page_id=19191"},"modified":"2025-04-10T11:46:08","modified_gmt":"2025-04-10T11:46:08","slug":"cart","status":"publish","type":"page","link":"https:\/\/food4skin.uf-hosting.de\/hu\/cart\/","title":{"rendered":"Cart"},"content":{"rendered":"<div data-block-name=\"woocommerce\/cart\" class=\"wp-block-woocommerce-cart alignwide is-loading\"><div data-block-name=\"woocommerce\/filled-cart-block\" class=\"wp-block-woocommerce-filled-cart-block\"><div data-block-name=\"woocommerce\/cart-items-block\" class=\"wp-block-woocommerce-cart-items-block\"><div data-block-name=\"woocommerce\/cart-line-items-block\" class=\"wp-block-woocommerce-cart-line-items-block\"><\/div>\n\n<div data-block-name=\"woocommerce\/cart-cross-sells-block\" class=\"wp-block-woocommerce-cart-cross-sells-block\"><h2 class=\"wp-block-heading has-large-font-size\">You may be interested in\u2026<\/h2>\n\n<div data-block-name=\"woocommerce\/cart-cross-sells-products-block\" class=\"wp-block-woocommerce-cart-cross-sells-products-block\"><\/div><\/div><\/div>\n\n<div data-block-name=\"woocommerce\/cart-totals-block\" class=\"wp-block-woocommerce-cart-totals-block\"><div data-block-name=\"woocommerce\/cart-order-summary-block\" class=\"wp-block-woocommerce-cart-order-summary-block\"><div data-block-name=\"woocommerce\/cart-order-summary-heading-block\" class=\"wp-block-woocommerce-cart-order-summary-heading-block\"><\/div><div data-block-name=\"woocommerce\/cart-order-summary-coupon-form-block\" class=\"wp-block-woocommerce-cart-order-summary-coupon-form-block\"><\/div><div data-block-name=\"woocommerce\/cart-order-summary-totals-block\" class=\"wp-block-woocommerce-cart-order-summary-totals-block\">\n<div data-block-name=\"woocommerce\/cart-order-summary-subtotal-block\" class=\"wp-block-woocommerce-cart-order-summary-subtotal-block\"><\/div>\n<div data-block-name=\"woocommerce\/cart-order-summary-discount-block\" class=\"wp-block-woocommerce-cart-order-summary-discount-block\"><\/div>\n<div data-block-name=\"woocommerce\/cart-order-summary-fee-block\" class=\"wp-block-woocommerce-cart-order-summary-fee-block\"><\/div>\n<div data-block-name=\"woocommerce\/cart-order-summary-shipping-block\" class=\"wp-block-woocommerce-cart-order-summary-shipping-block\"><\/div>\n<div data-block-name=\"woocommerce\/cart-order-summary-taxes-block\" class=\"wp-block-woocommerce-cart-order-summary-taxes-block\"><\/div><\/div><\/div>\n\n<div data-block-name=\"woocommerce\/cart-express-payment-block\" class=\"wp-block-woocommerce-cart-express-payment-block\"><\/div>\n\n<div data-block-name=\"woocommerce\/proceed-to-checkout-block\" class=\"wp-block-woocommerce-proceed-to-checkout-block\"><\/div>\n\n<div data-block-name=\"woocommerce\/cart-accepted-payment-methods-block\" class=\"wp-block-woocommerce-cart-accepted-payment-methods-block\"><\/div><\/div><\/div>\n\n<div data-block-name=\"woocommerce\/empty-cart-block\" class=\"wp-block-woocommerce-empty-cart-block\"><h2 class=\"wp-block-heading has-text-align-center with-empty-cart-icon wc-block-cart__empty-cart__title\">Your cart is currently empty!<\/h2>\n\n<hr class=\"wp-block-separator has-alpha-channel-opacity is-style-dots\"\/>\n\n<h2 class=\"wp-block-heading has-text-align-center\">New in store<\/h2>\n\n<div data-block-name=\"woocommerce\/product-new\" data-columns=\"4\" data-rows=\"1\" class=\"wc-block-grid wp-block-product-new wp-block-woocommerce-product-new wc-block-product-new has-4-columns\"><ul class=\"wc-block-grid__products\"><li class=\"wc-block-grid__product\">\n\t\t\t\t<a href=\"https:\/\/food4skin.uf-hosting.de\/hu\/produkt\/ph-neutrales-duschgel-3-er-pack-3x50-ml\/\" class=\"wc-block-grid__product-link\">\n\t\t\t\t\t<div class=\"wc-block-grid__product-onsale\">\n\t\t\t<span aria-hidden=\"true\">Akci\u00f3<\/span>\n\t\t\t<span class=\"screen-reader-text\">Akci\u00f3s term\u00e9k<\/span>\n\t\t<\/div>\n\t\t\t\t\t<div class=\"wc-block-grid__product-image\"><img fetchpriority=\"high\" decoding=\"async\" width=\"600\" height=\"600\" src=\"https:\/\/food4skin.uf-hosting.de\/wp-content\/uploads\/2025\/04\/phneutral_50ml-600x600.jpg\" class=\"attachment-woocommerce_thumbnail size-woocommerce_thumbnail\" alt=\"pH-neutrales Duschgel 3-er Pack\" \/><\/div>\n\t\t\t\t\t<div class=\"wc-block-grid__product-title\">pH-neutrales Duschgel 3-er Pack<\/div>\n\t\t\t\t<\/a>\n\t\t\t\t<div class=\"wc-block-grid__product-price price\"><span class=\"woocommerce-Price-amount amount\"><span class=\"woocommerce-Price-currencySymbol\">&euro;<\/span>&nbsp;19,90<\/span> &ndash; <span class=\"woocommerce-Price-amount amount\"><span class=\"woocommerce-Price-currencySymbol\">&euro;<\/span>&nbsp;49,90<\/span><\/div>\n\t\t\t\t\n\t\t\t\t<div class=\"wp-block-button wc-block-grid__product-add-to-cart\"><a href=\"https:\/\/food4skin.uf-hosting.de\/hu\/produkt\/ph-neutrales-duschgel-3-er-pack-3x50-ml\/\" aria-label=\"V\u00e1lasszunk &ldquo;pH-neutrales Duschgel 3-er Pack&rdquo; lehet\u0151s\u00e9gek k\u00f6z\u00fcl\" data-quantity=\"1\" data-product_id=\"19839\" data-product_sku=\"\" data-price=\"19.9\" rel=\"nofollow\" class=\"wp-block-button__link  add_to_cart_button\">Opci\u00f3k v\u00e1laszt\u00e1sa<\/a><\/div>\n\t\t\t<\/li><li class=\"wc-block-grid__product\">\n\t\t\t\t<a href=\"https:\/\/food4skin.uf-hosting.de\/hu\/produkt\/duschschaum-selection-3-er-pack-blutorange-minze-latschenkiefer-3x50-ml\/\" class=\"wc-block-grid__product-link\">\n\t\t\t\t\t<div class=\"wc-block-grid__product-onsale\">\n\t\t\t<span aria-hidden=\"true\">Akci\u00f3<\/span>\n\t\t\t<span class=\"screen-reader-text\">Akci\u00f3s term\u00e9k<\/span>\n\t\t<\/div>\n\t\t\t\t\t<div class=\"wc-block-grid__product-image\"><img decoding=\"async\" width=\"600\" height=\"600\" src=\"https:\/\/food4skin.uf-hosting.de\/wp-content\/uploads\/2025\/04\/blutorange_minze_laschenkiefer_set_50ml-600x600.jpg\" class=\"attachment-woocommerce_thumbnail size-woocommerce_thumbnail\" alt=\"Duschschaum Selection 3-er Pack (Blutorange, Minze, Latschenkiefer)\" \/><\/div>\n\t\t\t\t\t<div class=\"wc-block-grid__product-title\">Duschschaum Selection 3-er Pack (Blutorange, Minze, Latschenkiefer)<\/div>\n\t\t\t\t<\/a>\n\t\t\t\t<div class=\"wc-block-grid__product-price price\"><span class=\"woocommerce-Price-amount amount\"><span class=\"woocommerce-Price-currencySymbol\">&euro;<\/span>&nbsp;19,90<\/span> &ndash; <span class=\"woocommerce-Price-amount amount\"><span class=\"woocommerce-Price-currencySymbol\">&euro;<\/span>&nbsp;49,90<\/span><\/div>\n\t\t\t\t\n\t\t\t\t<div class=\"wp-block-button wc-block-grid__product-add-to-cart\"><a href=\"https:\/\/food4skin.uf-hosting.de\/hu\/produkt\/duschschaum-selection-3-er-pack-blutorange-minze-latschenkiefer-3x50-ml\/\" aria-label=\"V\u00e1lasszunk &ldquo;Duschschaum Selection 3-er Pack (Blutorange, Minze, Latschenkiefer)&rdquo; lehet\u0151s\u00e9gek k\u00f6z\u00fcl\" data-quantity=\"1\" data-product_id=\"19838\" data-product_sku=\"\" data-price=\"19.9\" rel=\"nofollow\" class=\"wp-block-button__link  add_to_cart_button\">Opci\u00f3k v\u00e1laszt\u00e1sa<\/a><\/div>\n\t\t\t<\/li><li class=\"wc-block-grid__product\">\n\t\t\t\t<a href=\"https:\/\/food4skin.uf-hosting.de\/hu\/produkt\/ph-neutrales-duschgel-sanfte-pflege-mit-anti-aging-effekt\/\" class=\"wc-block-grid__product-link\">\n\t\t\t\t\t\n\t\t\t\t\t<div class=\"wc-block-grid__product-image\"><img decoding=\"async\" width=\"600\" height=\"600\" src=\"https:\/\/food4skin.uf-hosting.de\/wp-content\/uploads\/2025\/04\/phneutral_200ml-600x600.jpg\" class=\"attachment-woocommerce_thumbnail size-woocommerce_thumbnail\" alt=\"pH-neutrales Duschgel \u2013 sanfte Pflege mit Anti-Aging-Effekt\" \/><\/div>\n\t\t\t\t\t<div class=\"wc-block-grid__product-title\">pH-neutrales Duschgel \u2013 sanfte Pflege mit Anti-Aging-Effekt<\/div>\n\t\t\t\t<\/a>\n\t\t\t\t<div class=\"wc-block-grid__product-price price\"><span class=\"woocommerce-Price-amount amount\"><span class=\"woocommerce-Price-currencySymbol\">&euro;<\/span>&nbsp;23,90<\/span><\/div>\n\t\t\t\t\n\t\t\t\t<div class=\"wp-block-button wc-block-grid__product-add-to-cart\"><a href=\"https:\/\/food4skin.uf-hosting.de\/hu\/produkt\/ph-neutrales-duschgel-sanfte-pflege-mit-anti-aging-effekt\/\" aria-label=\"&ldquo;pH-neutrales Duschgel \u2013 sanfte Pflege mit Anti-Aging-Effekt&rdquo; term\u00e9kr\u0151l t\u00f6bb inform\u00e1ci\u00f3\" data-quantity=\"1\" data-product_id=\"19834\" data-product_sku=\"\" data-price=\"23.9\" rel=\"nofollow\" class=\"wp-block-button__link  add_to_cart_button\">Tov\u00e1bb olvasom<\/a><\/div>\n\t\t\t<\/li><li class=\"wc-block-grid__product\">\n\t\t\t\t<a href=\"https:\/\/food4skin.uf-hosting.de\/hu\/produkt\/duschschaum-blutorange-200-ml-luxus-fuer-die-haut-ein-fest-fuer-die-sinne\/\" class=\"wc-block-grid__product-link\">\n\t\t\t\t\t\n\t\t\t\t\t<div class=\"wc-block-grid__product-image\"><img loading=\"lazy\" decoding=\"async\" width=\"600\" height=\"600\" src=\"https:\/\/food4skin.uf-hosting.de\/wp-content\/uploads\/2025\/04\/f4s_bottle_mockup_blutorange_200ml_web_stehend-600x600.png\" class=\"attachment-woocommerce_thumbnail size-woocommerce_thumbnail\" alt=\"Duschschaum Blutorange \u2013 Luxus f\u00fcr die Haut, ein Fest f\u00fcr die Sinne\" \/><\/div>\n\t\t\t\t\t<div class=\"wc-block-grid__product-title\">Duschschaum Blutorange \u2013 Luxus f\u00fcr die Haut, ein Fest f\u00fcr die Sinne<\/div>\n\t\t\t\t<\/a>\n\t\t\t\t<div class=\"wc-block-grid__product-price price\"><span class=\"woocommerce-Price-amount amount\"><span class=\"woocommerce-Price-currencySymbol\">&euro;<\/span>&nbsp;23,90<\/span><\/div>\n\t\t\t\t\n\t\t\t\t<div class=\"wp-block-button wc-block-grid__product-add-to-cart\"><a href=\"?add-to-cart=19830\" aria-label=\"Kos\u00e1rba: &ldquo;Duschschaum Blutorange \u2013 Luxus f\u00fcr die Haut, ein Fest f\u00fcr die Sinne&rdquo;\" data-quantity=\"1\" data-product_id=\"19830\" data-product_sku=\"\" data-price=\"23.9\" rel=\"nofollow\" class=\"wp-block-button__link  add_to_cart_button ajax_add_to_cart\">Kos\u00e1rba teszem<\/a><\/div>\n\t\t\t<\/li><\/ul><\/div><\/div><\/div>","protected":false},"excerpt":{"rendered":"","protected":false},"author":1,"featured_media":0,"parent":0,"menu_order":0,"comment_status":"closed","ping_status":"closed","template":"","meta":{"footnotes":""},"class_list":["post-19191","page","type-page","status-publish","hentry"],"_links":{"self":[{"href":"https:\/\/food4skin.uf-hosting.de\/hu\/wp-json\/wp\/v2\/pages\/19191","targetHints":{"allow":["GET"]}}],"collection":[{"href":"https:\/\/food4skin.uf-hosting.de\/hu\/wp-json\/wp\/v2\/pages"}],"about":[{"href":"https:\/\/food4skin.uf-hosting.de\/hu\/wp-json\/wp\/v2\/types\/page"}],"author":[{"embeddable":true,"href":"https:\/\/food4skin.uf-hosting.de\/hu\/wp-json\/wp\/v2\/users\/1"}],"replies":[{"embeddable":true,"href":"https:\/\/food4skin.uf-hosting.de\/hu\/wp-json\/wp\/v2\/comments?post=19191"}],"version-history":[{"count":1,"href":"https:\/\/food4skin.uf-hosting.de\/hu\/wp-json\/wp\/v2\/pages\/19191\/revisions"}],"predecessor-version":[{"id":19747,"href":"https:\/\/food4skin.uf-hosting.de\/hu\/wp-json\/wp\/v2\/pages\/19191\/revisions\/19747"}],"wp:attachment":[{"href":"https:\/\/food4skin.uf-hosting.de\/hu\/wp-json\/wp\/v2\/media?parent=19191"}],"curies":[{"name":"wp","href":"https:\/\/api.w.org\/{rel}","templated":true}]}}