{"id":19838,"date":"2025-04-10T07:21:48","date_gmt":"2025-04-10T07:21:48","guid":{"rendered":"https:\/\/food4skin.uf-hosting.de\/?post_type=product&#038;p=19838"},"modified":"2025-04-17T06:29:44","modified_gmt":"2025-04-17T06:29:44","slug":"duschschaum-selection-3-er-pack-blutorange-minze-latschenkiefer-3x50-ml","status":"publish","type":"product","link":"https:\/\/food4skin.uf-hosting.de\/en\/produkt\/duschschaum-selection-3-er-pack-blutorange-minze-latschenkiefer-3x50-ml\/","title":{"rendered":"Duschschaum Selection 3-er Pack (Blutorange, Minze, Latschenkiefer)"},"content":{"rendered":"<p>Das food4skin\u00ae 3er Set Duschsch\u00e4ume vereint die beliebtesten Duschsch\u00e4ume in einer praktischen Auswahl \u2013 Blutorange, Minze und Latschenkiefer. Dieses Set bietet f\u00fcr jede Stimmung und jedes Hautbed\u00fcrfnis die perfekte Pflege: Der fruchtige Blutorange sorgt f\u00fcr ein belebendes Duscherlebnis und verw\u00f6hnt die Sinne mit einer luxuri\u00f6sen, feuchtigkeitsspendenden Pflege. Der Minze Duschschaum liefert einen erfrischenden Frischekick und belebt Haut und Geist \u2013 ideal f\u00fcr einen vitalen Start in den Tag oder nach dem Sport. Der Latschenkiefer Duschschaum bietet eine beruhigende, regenerierende Wirkung und sorgt f\u00fcr eine wohltuende Pflege, die K\u00f6rper und Geist entspannt.<\/p>\n<p>&nbsp;<\/p>\n<p>Egal, ob Sie sich nach einer erfrischenden Brise, einem entspannenden Moment oder einer vitalisierenden Pflege sehnen, dieses Set l\u00e4sst keine W\u00fcnsche offen. Die Auswahl erm\u00f6glicht es Ihnen, je nach Stimmung und Bedarf zu w\u00e4hlen und sich mit den einzigartigen Bio-\u00d6len und pflegenden Eigenschaften jeder Variante zu verw\u00f6hnen. Ideal f\u00fcr alle, die Abwechslung und hochwertige Pflege in ihrem Alltag genie\u00dfen m\u00f6chten.<\/p>\n","protected":false},"excerpt":{"rendered":"<p>Das food4skin\u00ae 3er Set Duschsch\u00e4ume vereint die beliebtesten Duschsch\u00e4ume in einer praktischen Auswahl \u2013 Blutorange, Minze und Latschenkiefer. Dieses Set bietet f\u00fcr jede Stimmung und jedes Hautbed\u00fcrfnis die perfekte Pflege: Der fruchtige Blutorange sorgt f\u00fcr ein belebendes Duscherlebnis und verw\u00f6hnt die Sinne mit einer luxuri\u00f6sen, feuchtigkeitsspendenden Pflege. Der Minze Duschschaum liefert einen erfrischenden Frischekick und belebt Haut und Geist \u2013 ideal f\u00fcr einen vitalen Start in den Tag oder nach dem Sport. Der Latschenkiefer Duschschaum bietet eine beruhigende, regenerierende Wirkung und sorgt f\u00fcr eine wohltuende Pflege, die K\u00f6rper und Geist entspannt.<\/p>\n","protected":false},"featured_media":19892,"comment_status":"open","ping_status":"closed","template":"","meta":[],"product_brand":[],"product_cat":[152,151],"product_tag":[],"class_list":{"0":"post-19838","1":"product","2":"type-product","3":"status-publish","4":"has-post-thumbnail","6":"product_cat-angebote","7":"product_cat-duschschaum","10":"first","11":"instock","12":"sale","13":"taxable","14":"shipping-taxable","15":"purchasable","16":"product-type-variable"},"_links":{"self":[{"href":"https:\/\/food4skin.uf-hosting.de\/en\/wp-json\/wp\/v2\/product\/19838","targetHints":{"allow":["GET"]}}],"collection":[{"href":"https:\/\/food4skin.uf-hosting.de\/en\/wp-json\/wp\/v2\/product"}],"about":[{"href":"https:\/\/food4skin.uf-hosting.de\/en\/wp-json\/wp\/v2\/types\/product"}],"replies":[{"embeddable":true,"href":"https:\/\/food4skin.uf-hosting.de\/en\/wp-json\/wp\/v2\/comments?post=19838"}],"wp:featuredmedia":[{"embeddable":true,"href":"https:\/\/food4skin.uf-hosting.de\/en\/wp-json\/wp\/v2\/media\/19892"}],"wp:attachment":[{"href":"https:\/\/food4skin.uf-hosting.de\/en\/wp-json\/wp\/v2\/media?parent=19838"}],"wp:term":[{"taxonomy":"product_brand","embeddable":true,"href":"https:\/\/food4skin.uf-hosting.de\/en\/wp-json\/wp\/v2\/product_brand?post=19838"},{"taxonomy":"product_cat","embeddable":true,"href":"https:\/\/food4skin.uf-hosting.de\/en\/wp-json\/wp\/v2\/product_cat?post=19838"},{"taxonomy":"product_tag","embeddable":true,"href":"https:\/\/food4skin.uf-hosting.de\/en\/wp-json\/wp\/v2\/product_tag?post=19838"}],"curies":[{"name":"wp","href":"https:\/\/api.w.org\/{rel}","templated":true}]}}