{"id":19830,"date":"2025-04-10T07:18:34","date_gmt":"2025-04-10T07:18:34","guid":{"rendered":"https:\/\/food4skin.uf-hosting.de\/?post_type=product&#038;p=19830"},"modified":"2025-04-23T13:05:16","modified_gmt":"2025-04-23T13:05:16","slug":"duschschaum-blutorange-200-ml-luxus-fuer-die-haut-ein-fest-fuer-die-sinne","status":"publish","type":"product","link":"https:\/\/food4skin.uf-hosting.de\/en\/produkt\/duschschaum-blutorange-200-ml-luxus-fuer-die-haut-ein-fest-fuer-die-sinne\/","title":{"rendered":"Duschschaum Blutorange \u2013 Luxus f\u00fcr die Haut, ein Fest f\u00fcr die Sinne"},"content":{"rendered":"<p>Erleben Sie die perfekte Kombination aus nat\u00fcrlicher Pflege und sinnlichem Vergn\u00fcgen: Der Duschschaum Blutorange wurde speziell f\u00fcr anspruchsvolle Haut entwickelt, um sie sanft zu reinigen, intensiv zu n\u00e4hren und zu sch\u00fctzen. Mit seiner antioxidativen Wirkung und erlesenen Inhaltsstoffen ist er eine ideale Wahl f\u00fcr alle, die sich ein zartes, ausgeglichenes Hautgef\u00fchl und ein luxuri\u00f6ses Duscherlebnis w\u00fcnschen.<\/p>\n<p>&nbsp;<\/p>\n<p>Dieser exquisite Duschschaum verw\u00f6hnt Ihre Haut mit sorgf\u00e4ltig ausgew\u00e4hlten nat\u00fcrlichen Inhaltsstoffen:<\/p>\n<ul>\n<li>Hydrolysiertes Weizenprotein gl\u00e4ttet die Hautoberfl\u00e4che, macht sie weich und geschmeidig und hilft, Feuchtigkeit langanhaltend zu bewahren.<\/li>\n<li>S\u00fc\u00dfmandel\u00f6l n\u00e4hrt die Haut tiefenwirksam, sch\u00fctzt sie vor \u00e4u\u00dferen Einfl\u00fcssen und bewahrt das nat\u00fcrliche Hautgleichgewicht \u2013 ideal f\u00fcr empfindliche Haut.<\/li>\n<li>Tocopherolacetat (Vitamin E) wirkt antioxidativ und sch\u00fctzt vor freien Radikalen, wodurch es die nat\u00fcrlichen Alterungsprozesse der Haut verlangsamt.<\/li>\n<li>Vegane Milchs\u00e4ure unterst\u00fctzt den S\u00e4ureschutzmantel der Haut und sorgt f\u00fcr ein gesundes, ausgeglichenes Hautbild.<\/li>\n<li>\u00c4therisches Bio-S\u00fc\u00dforangen\u00f6l aus sonnengereiften sizilianischen Orangen wirkt beruhigend und sorgt f\u00fcr ein erfrischendes Gef\u00fchl, das die Sinne belebt.<\/li>\n<li>Bio-Zitronen\u00f6l reinigt die Haut sanft, entfernt abgestorbene Hautzellen, strafft und hinterl\u00e4sst ein herrlich glattes Hautgef\u00fchl.<\/li>\n<\/ul>\n<p>Diese luxuri\u00f6se Kombination aus Pflege und Schutz sorgt f\u00fcr eine Haut, die sich nicht nur sauber, sondern auch samtig weich und optimal versorgt anf\u00fchlt.<\/p>\n","protected":false},"excerpt":{"rendered":"<p>Erleben Sie die perfekte Kombination aus nat\u00fcrlicher Pflege und sinnlichem Vergn\u00fcgen: Der Duschschaum Blutorange wurde speziell f\u00fcr anspruchsvolle Haut entwickelt, um sie sanft zu reinigen, intensiv zu n\u00e4hren und zu sch\u00fctzen. Mit seiner antioxidativen Wirkung und erlesenen Inhaltsstoffen ist er eine ideale Wahl f\u00fcr alle, die sich ein zartes, ausgeglichenes Hautgef\u00fchl und ein luxuri\u00f6ses Duscherlebnis w\u00fcnschen.<\/p>\n<p>&nbsp;<\/p>\n","protected":false},"featured_media":20302,"comment_status":"open","ping_status":"closed","template":"","meta":[],"product_brand":[],"product_cat":[151],"product_tag":[],"class_list":{"0":"post-19830","1":"product","2":"type-product","3":"status-publish","4":"has-post-thumbnail","6":"product_cat-duschschaum","9":"first","10":"instock","11":"taxable","12":"shipping-taxable","13":"purchasable","14":"product-type-simple"},"_links":{"self":[{"href":"https:\/\/food4skin.uf-hosting.de\/en\/wp-json\/wp\/v2\/product\/19830","targetHints":{"allow":["GET"]}}],"collection":[{"href":"https:\/\/food4skin.uf-hosting.de\/en\/wp-json\/wp\/v2\/product"}],"about":[{"href":"https:\/\/food4skin.uf-hosting.de\/en\/wp-json\/wp\/v2\/types\/product"}],"replies":[{"embeddable":true,"href":"https:\/\/food4skin.uf-hosting.de\/en\/wp-json\/wp\/v2\/comments?post=19830"}],"wp:featuredmedia":[{"embeddable":true,"href":"https:\/\/food4skin.uf-hosting.de\/en\/wp-json\/wp\/v2\/media\/20302"}],"wp:attachment":[{"href":"https:\/\/food4skin.uf-hosting.de\/en\/wp-json\/wp\/v2\/media?parent=19830"}],"wp:term":[{"taxonomy":"product_brand","embeddable":true,"href":"https:\/\/food4skin.uf-hosting.de\/en\/wp-json\/wp\/v2\/product_brand?post=19830"},{"taxonomy":"product_cat","embeddable":true,"href":"https:\/\/food4skin.uf-hosting.de\/en\/wp-json\/wp\/v2\/product_cat?post=19830"},{"taxonomy":"product_tag","embeddable":true,"href":"https:\/\/food4skin.uf-hosting.de\/en\/wp-json\/wp\/v2\/product_tag?post=19830"}],"curies":[{"name":"wp","href":"https:\/\/api.w.org\/{rel}","templated":true}]}}