{"id":19821,"date":"2025-04-10T07:14:40","date_gmt":"2025-04-10T07:14:40","guid":{"rendered":"https:\/\/food4skin.uf-hosting.de\/?post_type=product&#038;p=19821"},"modified":"2025-04-17T06:30:18","modified_gmt":"2025-04-17T06:30:18","slug":"duschschaum-latschenkiefer-3-er-pack-3x200-ml","status":"publish","type":"product","link":"https:\/\/food4skin.uf-hosting.de\/en\/produkt\/duschschaum-latschenkiefer-3-er-pack-3x200-ml\/","title":{"rendered":"Duschschaum Latschenkiefer 3-er Pack"},"content":{"rendered":"<p>Das food4skin\u00ae Duschschaumset Latschenkiefer im praktischen Dreierpack bietet nicht nur ein luxuri\u00f6ses Pflegeerlebnis, sondern sorgt auch f\u00fcr eine langanhaltende, intensive Hautpflege. Der entf\u00fchrt Sie mit jedem Anwendung auf einen wohltuenden Spaziergang durch duftende Nadelw\u00e4lder. Dieser luxuri\u00f6se Duschschaum vereint sanfte Reinigung mit regenerierender Pflege und schenkt Ihrer Haut eine Extraportion Feuchtigkeit. Eine sinnliche Wohltat f\u00fcr K\u00f6rper und Geist \u2013 f\u00fcr eine Haut, die sp\u00fcrbar geschmeidig und vitalisiert ist. Mit dieser einzigartigen Kombination aus N\u00e4hrstoffen und nat\u00fcrlichen \u00d6len ist der Duschschaum Latschenkiefer eine Wohltat f\u00fcr Haut und Sinne.<\/p>\n<p>&nbsp;<\/p>\n<p>Die erlesene Rezeptur des Duschschaums Latschenkiefer basiert auf hochwertigen, nat\u00fcrlichen Inhaltsstoffen, die Ihre Haut intensiv pflegen:<\/p>\n<ul>\n<li>Hydrolysiertes Weizenprotein, das den nat\u00fcrlichen Keratinbestandteilen der Haut \u00e4hnelt, gl\u00e4ttet die Hautoberfl\u00e4che und macht sie weich und geschmeidig. Es bindet Feuchtigkeit und sorgt f\u00fcr langanhaltende Hydration.<\/li>\n<li>S\u00fc\u00dfmandel\u00f6l, reich an Antioxidantien, dringt tief in die Haut ein und sch\u00fctzt sie vor sch\u00e4dlichen Umwelteinfl\u00fcssen. Es bewahrt das nat\u00fcrliche Gleichgewicht der Haut und hinterl\u00e4sst sie gesund und frisch.<\/li>\n<li>Tocopherolacetat (Vitamin E) ist ein kraftvolles Antioxidans, das die Haut vor freien Radikalen sch\u00fctzt und ihre nat\u00fcrlichen Alterungsprozesse verlangsamt. Ihre Haut erscheint jugendlich strahlend und f\u00fchlt sich gepflegt an.<\/li>\n<li>Vegane Milchs\u00e4ure unterst\u00fctzt den hauteigenen S\u00e4ureschutzmantel, bewahrt das Gleichgewicht der Haut und sorgt f\u00fcr ein angenehm gepflegtes Hautgef\u00fchl.<\/li>\n<li>Latschenkiefer\u00f6l, bekannt f\u00fcr seine regenerierenden und reinigenden Eigenschaften, revitalisiert die Haut, f\u00f6rdert ihre Gesundheit und verleiht ein vitales Hautgef\u00fchl.<\/li>\n<\/ul>\n<p>Mit dieser einzigartigen Kombination aus N\u00e4hrstoffen und nat\u00fcrlichen \u00d6len ist der Duschschaum Latschenkiefer eine Wohltat f\u00fcr Haut und Sinne.<\/p>\n","protected":false},"excerpt":{"rendered":"<p>Das food4skin\u00ae Duschschaumset Latschenkiefer im praktischen Dreierpack bietet nicht nur ein luxuri\u00f6ses Pflegeerlebnis, sondern sorgt auch f\u00fcr eine langanhaltende, intensive Hautpflege. Der entf\u00fchrt Sie mit jedem Anwendung auf einen wohltuenden Spaziergang durch duftende Nadelw\u00e4lder. Dieser luxuri\u00f6se Duschschaum vereint sanfte Reinigung mit regenerierender Pflege und schenkt Ihrer Haut eine Extraportion Feuchtigkeit. Eine sinnliche Wohltat f\u00fcr K\u00f6rper und Geist \u2013 f\u00fcr eine Haut, die sp\u00fcrbar geschmeidig und vitalisiert ist. Mit dieser einzigartigen Kombination aus N\u00e4hrstoffen und nat\u00fcrlichen \u00d6len ist der Duschschaum Latschenkiefer eine Wohltat f\u00fcr Haut und Sinne.<\/p>\n<p>&nbsp;<\/p>\n","protected":false},"featured_media":19901,"comment_status":"open","ping_status":"closed","template":"","meta":[],"product_brand":[],"product_cat":[152,151],"product_tag":[],"class_list":{"0":"post-19821","1":"product","2":"type-product","3":"status-publish","4":"has-post-thumbnail","6":"product_cat-angebote","7":"product_cat-duschschaum","10":"first","11":"instock","12":"sale","13":"taxable","14":"shipping-taxable","15":"purchasable","16":"product-type-simple"},"_links":{"self":[{"href":"https:\/\/food4skin.uf-hosting.de\/en\/wp-json\/wp\/v2\/product\/19821","targetHints":{"allow":["GET"]}}],"collection":[{"href":"https:\/\/food4skin.uf-hosting.de\/en\/wp-json\/wp\/v2\/product"}],"about":[{"href":"https:\/\/food4skin.uf-hosting.de\/en\/wp-json\/wp\/v2\/types\/product"}],"replies":[{"embeddable":true,"href":"https:\/\/food4skin.uf-hosting.de\/en\/wp-json\/wp\/v2\/comments?post=19821"}],"wp:featuredmedia":[{"embeddable":true,"href":"https:\/\/food4skin.uf-hosting.de\/en\/wp-json\/wp\/v2\/media\/19901"}],"wp:attachment":[{"href":"https:\/\/food4skin.uf-hosting.de\/en\/wp-json\/wp\/v2\/media?parent=19821"}],"wp:term":[{"taxonomy":"product_brand","embeddable":true,"href":"https:\/\/food4skin.uf-hosting.de\/en\/wp-json\/wp\/v2\/product_brand?post=19821"},{"taxonomy":"product_cat","embeddable":true,"href":"https:\/\/food4skin.uf-hosting.de\/en\/wp-json\/wp\/v2\/product_cat?post=19821"},{"taxonomy":"product_tag","embeddable":true,"href":"https:\/\/food4skin.uf-hosting.de\/en\/wp-json\/wp\/v2\/product_tag?post=19821"}],"curies":[{"name":"wp","href":"https:\/\/api.w.org\/{rel}","templated":true}]}}